{"id":2,"date":"2019-11-12T06:55:36","date_gmt":"2019-11-12T06:55:36","guid":{"rendered":"https:\/\/swg-birkenpaschhof.de\/?page_id=2"},"modified":"2022-10-19T14:15:21","modified_gmt":"2022-10-19T14:15:21","slug":"seniorenwohngemeinschaft","status":"publish","type":"page","link":"https:\/\/swg-birkenpaschhof.de\/","title":{"rendered":"Willkommen"},"content":{"rendered":"\n<div class=\"wp-block-citadela-blocks-custom-container citadela-block-custom-container size-wide bg-type-image inside-space-none bg-size-cover has-overlay\"><div class=\"bg-image-wrapper\" style=\"background-image:url(https:\/\/swg-birkenpaschhof.de\/wp-content\/uploads\/2019\/11\/header-img.jpg);background-repeat:no-repeat;background-position:51% 95%\"><\/div><div class=\"bg-image-overlay\" style=\"opacity:0.5\"><\/div><div class=\"inner-holder\">\n<div style=\"height:60px\" aria-hidden=\"true\" class=\"wp-block-spacer\"><\/div>\n\n\n\n<div class=\"wp-block-citadela-blocks-spacer citadela-block-spacer responsive-options loading hide-in-responsive\" data-block-attr=\"{&quot;desktop&quot;:{&quot;height&quot;:&quot;5vw&quot;},&quot;mobile&quot;:{&quot;height&quot;:&quot;0vw&quot;}}\" data-block-mobile-breakpoint=\"600\"><div class=\"inner-holder\" style=\"padding-top:5vw\"><\/div><\/div>\n\n\n         <div \r\n            class=\"citadela-block-responsive-text weight-400 align-left responsive-options loading\"\r\n            data-block-mobile-attr=\"{&quot;desktop&quot;:{&quot;fontSize&quot;:&quot;64px&quot;},&quot;mobile&quot;:{&quot;fontSize&quot;:&quot;36px&quot;}}\"            data-block-mobile-breakpoint=\"768\"         >\r\n            <h1 class=\"inner-tag\" style=\"font-size: 64px; font-weight: 400; color: #00ff00;\"><strong>Gemeinsam Leben<\/strong> <\/h1>         <\/div>\r\n      \n\n\n<p class=\"has-text-color\" style=\"color:#ccfc00;font-size:24px\"><strong>Selbstverantwortet Wohngemeinschaft<\/strong><\/p>\n\n\n\n<div style=\"height:40px\" aria-hidden=\"true\" class=\"wp-block-spacer\"><\/div>\n\n\n\n<div class=\"wp-block-buttons is-layout-flex wp-block-buttons-is-layout-flex\">\n<div class=\"wp-block-button\"><a class=\"wp-block-button__link has-background no-border-radius\" href=\"https:\/\/swg-birkenpaschhof.de\/?page_id=1608\" style=\"background-color:#ce4374\">Anfrage senden<\/a><\/div>\n<\/div>\n\n\n\n<div style=\"height:80px\" aria-hidden=\"true\" class=\"wp-block-spacer\"><\/div>\n\n\n\n<div class=\"wp-block-citadela-blocks-spacer citadela-block-spacer responsive-options loading hide-in-responsive\" data-block-attr=\"{&quot;desktop&quot;:{&quot;height&quot;:&quot;5vw&quot;},&quot;mobile&quot;:{&quot;height&quot;:&quot;0vw&quot;}}\" data-block-mobile-breakpoint=\"600\"><div class=\"inner-holder\" style=\"padding-top:5vw\"><\/div><\/div>\n<\/div><\/div>\n\n\n\n<div style=\"height:30px\" aria-hidden=\"true\" class=\"wp-block-spacer\"><\/div>\n\n\n\n<div class=\"wp-block-citadela-blocks-spacer citadela-block-spacer responsive-options loading hide-in-responsive\" data-block-attr=\"{&quot;desktop&quot;:{&quot;height&quot;:&quot;40px&quot;},&quot;mobile&quot;:{&quot;height&quot;:&quot;0px&quot;}}\" data-block-mobile-breakpoint=\"600\"><div class=\"inner-holder\" style=\"padding-top:40px\"><\/div><\/div>\n\n\n\n<div class=\"wp-block-citadela-blocks-custom-container citadela-block-custom-container size-wide bg-type-none inside-space-none\"><div class=\"inner-holder\">\n<div class=\"wp-block-columns has-2-columns is-layout-flex wp-container-core-columns-is-layout-9d6595d7 wp-block-columns-is-layout-flex\">\n<div class=\"wp-block-column is-layout-flow wp-block-column-is-layout-flow\">\n<div class=\"wp-block-citadela-blocks-spacer citadela-block-spacer responsive-options loading hide-in-responsive\" data-block-attr=\"{&quot;desktop&quot;:{&quot;height&quot;:&quot;50px&quot;},&quot;mobile&quot;:{&quot;height&quot;:&quot;0px&quot;}}\" data-block-mobile-breakpoint=\"600\"><div class=\"inner-holder\" style=\"padding-top:50px\"><\/div><\/div>\n\n\n\n<h2 class=\"wp-block-heading\" id=\"h-im-alter-fallt-einem-der-tagliche-haushalt-nicht-leichter\"><strong>Im Alter f\u00e4llt einem der t\u00e4gliche Haushalt nicht leichter<\/strong> ! <\/h2>\n\n\n\n<p class=\"has-text-color has-medium-font-size\" style=\"color:#ce4374\">&#8222;Die Wohngemeinschaft hat mir neue Lebensqualit\u00e4t gegeben&#8220; (W.Krause Bewohnerin)<\/p>\n\n\n\n<hr class=\"wp-block-separator has-css-opacity is-style-default\"\/>\n\n\n\n<div style=\"height:20px\" aria-hidden=\"true\" class=\"wp-block-spacer\"><\/div>\n\n\n\n<p class=\"has-text-align-left\">Einsamkeit kann einem den Lebensabend verderben, zumal die eigene Kondition darunter leidet. Daher haben wir uns entschlossen, eine eigene Wohngemeinschaft zu gr\u00fcnden um die hauswirtschaftliche Versorgung abzudecken und unser t\u00e4gliches Leben einfacher und vor allem <strong>zusammen <\/strong>zu gestalten. <br>Wir haben insgesamt 7 Wohnungen, angeschlossen an den Gemeinschaftsraum in dem auch gekocht wird.<br>Die t\u00e4gliche  Zubereitung der immer frisch gekochten Speisen, sowie die notwendigen Eink\u00e4ufe und alle hauswirtschaftlichen T\u00e4tigkeiten werden durch unser eigenes Personal gew\u00e4hrleistet. Und wenn Sie auch mal selber etwas einkaufen m\u00f6chten aber nicht so mobil sind, k\u00f6nnen Sie mit dem Personal mitfahren.<\/p>\n<\/div>\n\n\n\n<div class=\"wp-block-column is-layout-flow wp-block-column-is-layout-flow\">\n<div class=\"wp-block-citadela-blocks-spacer citadela-block-spacer\"><div class=\"inner-holder\" style=\"padding-top:1em\"><\/div><\/div>\n\n\n\n<figure class=\"wp-block-image size-large\"><img loading=\"lazy\" decoding=\"async\" width=\"2000\" height=\"1500\" src=\"https:\/\/swg-birkenpaschhof.de\/wp-content\/uploads\/2022\/10\/8-1024x768.jpeg\" alt=\"\" class=\"wp-image-1761\" srcset=\"https:\/\/swg-birkenpaschhof.de\/wp-content\/uploads\/2022\/10\/8-1024x768.jpeg 1024w, https:\/\/swg-birkenpaschhof.de\/wp-content\/uploads\/2022\/10\/8-300x225.jpeg 300w, https:\/\/swg-birkenpaschhof.de\/wp-content\/uploads\/2022\/10\/8-768x576.jpeg 768w, https:\/\/swg-birkenpaschhof.de\/wp-content\/uploads\/2022\/10\/8-1536x1152.jpeg 1536w, https:\/\/swg-birkenpaschhof.de\/wp-content\/uploads\/2022\/10\/8-640x480.jpeg 640w, https:\/\/swg-birkenpaschhof.de\/wp-content\/uploads\/2022\/10\/8-480x360.jpeg 480w, https:\/\/swg-birkenpaschhof.de\/wp-content\/uploads\/2022\/10\/8.jpeg 2000w\" sizes=\"auto, (max-width: 2000px) 100vw, 2000px\" \/><figcaption>Vor Kopf die Senioren WG GbR II<\/figcaption><\/figure>\n<\/div>\n<\/div>\n\n\n\n<div style=\"height:40px\" aria-hidden=\"true\" class=\"wp-block-spacer\"><\/div>\n<\/div><\/div>\n\n\n\n<div class=\"wp-block-citadela-blocks-custom-container citadela-block-custom-container size-wide bg-type-image inside-space-none bg-size-cover has-overlay\"><div class=\"bg-image-wrapper\" style=\"background-image:url(https:\/\/swg-birkenpaschhof.de\/wp-content\/uploads\/2019\/11\/beach.jpg);background-repeat:no-repeat;background-position:51% 64%\"><\/div><div class=\"bg-image-overlay\" style=\"background-color:#f6f1f1;opacity:0.95\"><\/div><div class=\"inner-holder\">\n<div style=\"height:50px\" aria-hidden=\"true\" class=\"wp-block-spacer\"><\/div>\n\n\n\n<div class=\"wp-block-columns alignwide has-3-columns is-layout-flex wp-container-core-columns-is-layout-9d6595d7 wp-block-columns-is-layout-flex\">\n<div class=\"wp-block-column is-layout-flow wp-block-column-is-layout-flow\">\n<div class=\"wp-block-citadela-blocks-service citadela-block-service main-holder layout-box header-type-none standard\"><div class=\"service-content\"><div class=\"service-content-wrap\"><h3 class=\"service-title\">Eigene Wohnung<\/h3><p class=\"service-description\">  Jeder Bewohner hat seinen eigenen Wohnraum. In der Regel ist dies ein Zimmer mit Bad. Der gro\u00dfe Gemeinschaftsraum ist direkt an die Wohnr\u00e4ume angeschlossen. <br\/>Haustiere sind nach Absprache erlaubt und gerne gesehen.<\/p><\/div><\/div><\/div>\n<\/div>\n\n\n\n<div class=\"wp-block-column is-layout-flow wp-block-column-is-layout-flow\">\n<div class=\"wp-block-citadela-blocks-service citadela-block-service main-holder layout-box header-type-none standard\"><div class=\"service-content\"><div class=\"service-content-wrap\"><h3 class=\"service-title\">Gemeinschaft<\/h3><p class=\"service-description\">  Nie wieder alleine sein. Es findet sich immer ein Bewohner mit dem man sich unterhalten kann. Gemeinsame Aktivit\u00e4ten werden regelm\u00e4\u00dfig geplant und angeboten. Eine Verpflichtung zur Teilnahme gibt es nicht, jeder kann frei f\u00fcr sich selbst entscheiden.<\/p><\/div><\/div><\/div>\n<\/div>\n\n\n\n<div class=\"wp-block-column is-layout-flow wp-block-column-is-layout-flow\">\n<div class=\"wp-block-citadela-blocks-service citadela-block-service main-holder layout-box header-type-none standard\"><div class=\"service-content\"><div class=\"service-content-wrap\"><h3 class=\"service-title\">Gute Anbindung<\/h3><p class=\"service-description\">Sie besitzen noch eine ausreichende Mobilit\u00e4t? Wunderbar ! Einkaufsm\u00f6glichkeiten und Freizeitangebote gibt es in der n\u00e4heren Umgebung sehr viele.<\/p><\/div><\/div><\/div>\n<\/div>\n<\/div>\n\n\n\n<div style=\"height:30px\" aria-hidden=\"true\" class=\"wp-block-spacer\"><\/div>\n<\/div><\/div>\n\n\n\n<div class=\"wp-block-citadela-blocks-custom-container citadela-block-custom-container size-content bg-type-color inside-space-none has-bg\" style=\"background-color:#f9f9f9\"><div class=\"inner-holder\">\n<div style=\"height:40px\" aria-hidden=\"true\" class=\"wp-block-spacer\"><\/div>\n\n\n\n<h2 class=\"has-text-align-center wp-block-heading\" id=\"h-eigener-wohnraum\"><strong> Eigener Wohnraum<\/strong><\/h2>\n\n\n\n<p class=\"has-text-align-center\">  Vermieterin ist Frau Rosemarie Schmitz. Die Wohnungen in unserer Wohngemeinschaft werden von jedem selber gemietet. <\/p>\n\n\n\n<div style=\"height:60px\" aria-hidden=\"true\" class=\"wp-block-spacer\"><\/div>\n\n\n\n<div class=\"wp-block-columns alignwide has-2-columns is-layout-flex wp-container-core-columns-is-layout-9d6595d7 wp-block-columns-is-layout-flex\">\n<div class=\"wp-block-column is-layout-flow wp-block-column-is-layout-flow\">\n<div style=\"height:3px\" aria-hidden=\"true\" class=\"wp-block-spacer\"><\/div>\n\n\n\n<h3 class=\"wp-block-heading\" id=\"h-voraussetzungen-fur-den-einzug\"><strong>Voraussetzungen f\u00fcr den Einzug<\/strong><\/h3>\n\n\n\n<hr class=\"wp-block-separator has-css-opacity is-style-wide\"\/>\n\n\n\n<p>Die Bewohner entscheiden wer in die Gemeinschaft aufgenommen wird und wer nicht. F\u00fcr eine Neuaufnahme m\u00fcssen alle Bewohner zustimmen. Daher vereinbaren wir mit jedem Interessenten einen Kennenlernen vor Ort. Unser Wohnungsangebot ist auf 7 begrenzt. Daher sollten Sie sich fr\u00fchzeitig auf der Warteliste eintragen.<\/p>\n\n\n\n<div style=\"height:20px\" aria-hidden=\"true\" class=\"wp-block-spacer\"><\/div>\n<\/div>\n\n\n\n<div class=\"wp-block-column is-layout-flow wp-block-column-is-layout-flow\">\n<div style=\"height:3px\" aria-hidden=\"true\" class=\"wp-block-spacer\"><\/div>\n\n\n\n<h3 class=\"wp-block-heading\" id=\"h-parkahnliche-grunanlage-im-hof\"><strong>Park\u00e4hnliche Gr\u00fcnanlage im Hof<\/strong><\/h3>\n\n\n\n<hr class=\"wp-block-separator has-css-opacity is-style-wide\"\/>\n\n\n\n<p> Der Hof ist wie ein kleiner Park gestaltet. Verweilen Sie z.B. auf der Bank vor dem hofeigenen Teich, der mit einigen Fischen besetzt ist.<\/p>\n\n\n\n<p>Direkt vor dem Eingangstor befinden sich Felder und nur ein paar 100m \u00fcber die Stra\u00dfe k\u00f6nnen Sie schon im Moerser Park spazieren gehen.<\/p>\n\n\n\n<div class=\"wp-block-buttons is-layout-flex wp-block-buttons-is-layout-flex\"><\/div>\n\n\n\n<div style=\"height:20px\" aria-hidden=\"true\" class=\"wp-block-spacer\"><\/div>\n<\/div>\n<\/div>\n\n\n\n<div class=\"wp-block-citadela-blocks-spacer citadela-block-spacer responsive-options loading hide-in-responsive\" data-block-attr=\"{&quot;desktop&quot;:{&quot;height&quot;:&quot;40px&quot;},&quot;mobile&quot;:{&quot;height&quot;:&quot;20px&quot;}}\" data-block-mobile-breakpoint=\"600\"><div class=\"inner-holder\" style=\"padding-top:40px\"><\/div><\/div>\n<\/div><\/div>\n\n\n\n<div style=\"height:80px\" aria-hidden=\"true\" class=\"wp-block-spacer\"><\/div>\n\n\n\n<h2 class=\"has-text-align-center wp-block-heading\" id=\"h-finanzierung\"><strong>Finanzierung<\/strong><\/h2>\n\n\n\n<p class=\"has-text-align-center\"> Leider sieht der Gesetzgeber noch keine umfangreichen Unterst\u00fctzungen f\u00fcr eigenverantwortliche Wohngemeinschaften vor. Der Wohngruppenbeitrag muss daher selber finanziert werden. Zudem gibt es einen Wohngruppenzuschlag von der Krankenkasse, der ebenfalls der Wohngruppe zu gute kommt. N\u00e4heres gerne im pers\u00f6nlichen Gespr\u00e4ch. Nur soviel vorab, die von den Bewohner auf das eigene Wohngruppenkonto geleisteten Zahlungen werden zu 100% f\u00fcr die Wohngruppe verwendet, da wir eine selbst bestimmte Wohngruppe sind. Die Kosten halten sich daher in einem niedrigen Rahmen.<\/p>\n\n\n\n<div style=\"height:40px\" aria-hidden=\"true\" class=\"wp-block-spacer\"><\/div>\n","protected":false},"excerpt":{"rendered":"<p>Finanzierung Leider sieht der Gesetzgeber noch keine umfangreichen Unterst\u00fctzungen f\u00fcr eigenverantwortliche Wohngemeinschaften vor. Der Wohngruppenbeitrag muss daher selber finanziert werden. Zudem gibt es einen Wohngruppenzuschlag von der Krankenkasse, der ebenfalls der Wohngruppe zu gute kommt. N\u00e4heres gerne im pers\u00f6nlichen Gespr\u00e4ch. Nur soviel vorab, die von den Bewohner auf das eigene Wohngruppenkonto geleisteten Zahlungen werden zu [&hellip;]<\/p>\n","protected":false},"author":1,"featured_media":0,"parent":0,"menu_order":0,"comment_status":"closed","ping_status":"closed","template":"","meta":{"_citadela_hide_page_title":"1","_citadela_remove_header_space":"1","_citadela_custom_class":"","_citadela_half_map_provider":"","_citadela_half_map_theme":"","_citadela_half_map_themeOSM":"","_citadela_half_map_customTheme":"","_citadela_half_map_dataType":"","_citadela_half_map_dynamicTrack":false,"_citadela_half_map_trackColor":"","_citadela_half_map_trackEndpointsColor":"","_citadela_half_map_filterCategory":"","_citadela_half_map_filterLocation":"","_citadela_half_map_filterFeatured":false,"_citadela_half_map_noDataBehavior":"empty-map","_citadela_half_map_noDataText":"","_citadela_half_map_clusterGridSize":80,"_citadela_header":false,"_citadela_header_over_content":false,"_citadela_header_text_color":"","_citadela_header_logo":[],"_citadela_header_bg_image":[],"_citadela_header_bg_position":[],"_citadela_header_bg_size":"","_citadela_header_bg_repeat":"","_citadela_header_bg_fixed":false,"_citadela_header_bg_color":"","_citadela_header_bg_image_overlay":"","_citadela_header_transparent_bg":false,"_citadela_content_width":"","_citadela_half_layout_position":"","footnotes":""},"class_list":["post-2","page","type-page","status-publish","hentry"],"yoast_head":"<!-- This site is optimized with the Yoast SEO Premium plugin v19.3 (Yoast SEO v19.7) - https:\/\/yoast.com\/wordpress\/plugins\/seo\/ -->\n<title>- Senioren Wohngemeinschaft Birkenpaschhof GbR II<\/title>\n<meta name=\"description\" content=\"Wir sind eine selbst verantwortete Wohngemeinschaft (Seniorenwohngemeinschaft)nach \u00a724 WTG. Sie suchen f\u00fcr sich oder Ihre Angeh\u00f6rigen einen Altersruhesitz? Sie m\u00f6chten sich nicht mehr selber um den Haushalt k\u00fcmmern? Dann schauen Sie sich unsere Wohngemeinschaft an.\" \/>\n<meta name=\"robots\" content=\"index, nofollow, max-snippet:-1, max-image-preview:large, max-video-preview:-1\" \/>\n<link rel=\"canonical\" href=\"https:\/\/swg-birkenpaschhof.de\/\" \/>\n<meta property=\"og:locale\" content=\"de_DE\" \/>\n<meta property=\"og:type\" content=\"article\" \/>\n<meta property=\"og:title\" content=\"Willkommen\" \/>\n<meta property=\"og:description\" content=\"Wir sind eine selbst verantwortete Wohngemeinschaft (Seniorenwohngemeinschaft)nach \u00a724 WTG. Sie suchen f\u00fcr sich oder Ihre Angeh\u00f6rigen einen Altersruhesitz? Sie m\u00f6chten sich nicht mehr selber um den Haushalt k\u00fcmmern? Dann schauen Sie sich unsere Wohngemeinschaft an.\" \/>\n<meta property=\"og:url\" content=\"https:\/\/swg-birkenpaschhof.de\/\" \/>\n<meta property=\"og:site_name\" content=\"Senioren Wohngemeinschaft Birkenpaschhof GbR II\" \/>\n<meta property=\"article:modified_time\" content=\"2022-10-19T14:15:21+00:00\" \/>\n<meta property=\"og:image\" content=\"https:\/\/swg-birkenpaschhof.de\/wp-content\/uploads\/2022\/10\/8-1024x768.jpeg\" \/>\n<meta name=\"twitter:card\" content=\"summary_large_image\" \/>\n<meta name=\"twitter:label1\" content=\"Gesch\u00e4tzte Lesezeit\" \/>\n\t<meta name=\"twitter:data1\" content=\"3\u00a0Minuten\" \/>\n<script type=\"application\/ld+json\" class=\"yoast-schema-graph\">{\"@context\":\"https:\/\/schema.org\",\"@graph\":[{\"@type\":\"WebPage\",\"@id\":\"https:\/\/swg-birkenpaschhof.de\/\",\"url\":\"https:\/\/swg-birkenpaschhof.de\/\",\"name\":\"- Senioren Wohngemeinschaft Birkenpaschhof GbR II\",\"isPartOf\":{\"@id\":\"https:\/\/swg-birkenpaschhof.de\/#website\"},\"datePublished\":\"2019-11-12T06:55:36+00:00\",\"dateModified\":\"2022-10-19T14:15:21+00:00\",\"description\":\"Wir sind eine selbst verantwortete Wohngemeinschaft (Seniorenwohngemeinschaft)nach \u00a724 WTG. Sie suchen f\u00fcr sich oder Ihre Angeh\u00f6rigen einen Altersruhesitz? Sie m\u00f6chten sich nicht mehr selber um den Haushalt k\u00fcmmern? Dann schauen Sie sich unsere Wohngemeinschaft an.\",\"breadcrumb\":{\"@id\":\"https:\/\/swg-birkenpaschhof.de\/#breadcrumb\"},\"inLanguage\":\"de\",\"potentialAction\":[{\"@type\":\"ReadAction\",\"target\":[\"https:\/\/swg-birkenpaschhof.de\/\"]}]},{\"@type\":\"BreadcrumbList\",\"@id\":\"https:\/\/swg-birkenpaschhof.de\/#breadcrumb\",\"itemListElement\":[{\"@type\":\"ListItem\",\"position\":1,\"name\":\"Startseite\",\"item\":\"https:\/\/swg-birkenpaschhof.de\/\"},{\"@type\":\"ListItem\",\"position\":2,\"name\":\"Willkommen\"}]},{\"@type\":\"WebSite\",\"@id\":\"https:\/\/swg-birkenpaschhof.de\/#website\",\"url\":\"https:\/\/swg-birkenpaschhof.de\/\",\"name\":\"Senioren Wohngemeinschaft Birkenpaschhof GbR II\",\"description\":\"Selbstverantwortete Wohngemeinschaft nach \u00a724 WTG\",\"potentialAction\":[{\"@type\":\"SearchAction\",\"target\":{\"@type\":\"EntryPoint\",\"urlTemplate\":\"https:\/\/swg-birkenpaschhof.de\/?s={search_term_string}\"},\"query-input\":\"required name=search_term_string\"}],\"inLanguage\":\"de\"}]}<\/script>\n<!-- \/ Yoast SEO Premium plugin. -->","yoast_head_json":{"title":"- Senioren Wohngemeinschaft Birkenpaschhof GbR II","description":"Wir sind eine selbst verantwortete Wohngemeinschaft (Seniorenwohngemeinschaft)nach \u00a724 WTG. Sie suchen f\u00fcr sich oder Ihre Angeh\u00f6rigen einen Altersruhesitz? Sie m\u00f6chten sich nicht mehr selber um den Haushalt k\u00fcmmern? Dann schauen Sie sich unsere Wohngemeinschaft an.","robots":{"index":"index","follow":"nofollow","max-snippet":"max-snippet:-1","max-image-preview":"max-image-preview:large","max-video-preview":"max-video-preview:-1"},"canonical":"https:\/\/swg-birkenpaschhof.de\/","og_locale":"de_DE","og_type":"article","og_title":"Willkommen","og_description":"Wir sind eine selbst verantwortete Wohngemeinschaft (Seniorenwohngemeinschaft)nach \u00a724 WTG. Sie suchen f\u00fcr sich oder Ihre Angeh\u00f6rigen einen Altersruhesitz? Sie m\u00f6chten sich nicht mehr selber um den Haushalt k\u00fcmmern? Dann schauen Sie sich unsere Wohngemeinschaft an.","og_url":"https:\/\/swg-birkenpaschhof.de\/","og_site_name":"Senioren Wohngemeinschaft Birkenpaschhof GbR II","article_modified_time":"2022-10-19T14:15:21+00:00","og_image":[{"url":"https:\/\/swg-birkenpaschhof.de\/wp-content\/uploads\/2022\/10\/8-1024x768.jpeg"}],"twitter_card":"summary_large_image","twitter_misc":{"Gesch\u00e4tzte Lesezeit":"3\u00a0Minuten"},"schema":{"@context":"https:\/\/schema.org","@graph":[{"@type":"WebPage","@id":"https:\/\/swg-birkenpaschhof.de\/","url":"https:\/\/swg-birkenpaschhof.de\/","name":"- Senioren Wohngemeinschaft Birkenpaschhof GbR II","isPartOf":{"@id":"https:\/\/swg-birkenpaschhof.de\/#website"},"datePublished":"2019-11-12T06:55:36+00:00","dateModified":"2022-10-19T14:15:21+00:00","description":"Wir sind eine selbst verantwortete Wohngemeinschaft (Seniorenwohngemeinschaft)nach \u00a724 WTG. Sie suchen f\u00fcr sich oder Ihre Angeh\u00f6rigen einen Altersruhesitz? Sie m\u00f6chten sich nicht mehr selber um den Haushalt k\u00fcmmern? Dann schauen Sie sich unsere Wohngemeinschaft an.","breadcrumb":{"@id":"https:\/\/swg-birkenpaschhof.de\/#breadcrumb"},"inLanguage":"de","potentialAction":[{"@type":"ReadAction","target":["https:\/\/swg-birkenpaschhof.de\/"]}]},{"@type":"BreadcrumbList","@id":"https:\/\/swg-birkenpaschhof.de\/#breadcrumb","itemListElement":[{"@type":"ListItem","position":1,"name":"Startseite","item":"https:\/\/swg-birkenpaschhof.de\/"},{"@type":"ListItem","position":2,"name":"Willkommen"}]},{"@type":"WebSite","@id":"https:\/\/swg-birkenpaschhof.de\/#website","url":"https:\/\/swg-birkenpaschhof.de\/","name":"Senioren Wohngemeinschaft Birkenpaschhof GbR II","description":"Selbstverantwortete Wohngemeinschaft nach \u00a724 WTG","potentialAction":[{"@type":"SearchAction","target":{"@type":"EntryPoint","urlTemplate":"https:\/\/swg-birkenpaschhof.de\/?s={search_term_string}"},"query-input":"required name=search_term_string"}],"inLanguage":"de"}]}},"_links":{"self":[{"href":"https:\/\/swg-birkenpaschhof.de\/index.php?rest_route=\/wp\/v2\/pages\/2","targetHints":{"allow":["GET"]}}],"collection":[{"href":"https:\/\/swg-birkenpaschhof.de\/index.php?rest_route=\/wp\/v2\/pages"}],"about":[{"href":"https:\/\/swg-birkenpaschhof.de\/index.php?rest_route=\/wp\/v2\/types\/page"}],"author":[{"embeddable":true,"href":"https:\/\/swg-birkenpaschhof.de\/index.php?rest_route=\/wp\/v2\/users\/1"}],"replies":[{"embeddable":true,"href":"https:\/\/swg-birkenpaschhof.de\/index.php?rest_route=%2Fwp%2Fv2%2Fcomments&post=2"}],"version-history":[{"count":25,"href":"https:\/\/swg-birkenpaschhof.de\/index.php?rest_route=\/wp\/v2\/pages\/2\/revisions"}],"predecessor-version":[{"id":1818,"href":"https:\/\/swg-birkenpaschhof.de\/index.php?rest_route=\/wp\/v2\/pages\/2\/revisions\/1818"}],"wp:attachment":[{"href":"https:\/\/swg-birkenpaschhof.de\/index.php?rest_route=%2Fwp%2Fv2%2Fmedia&parent=2"}],"curies":[{"name":"wp","href":"https:\/\/api.w.org\/{rel}","templated":true}]}}