{"id":1791,"date":"2022-10-19T08:20:13","date_gmt":"2022-10-19T08:20:13","guid":{"rendered":"https:\/\/swg-birkenpaschhof.de\/?page_id=1791"},"modified":"2022-10-19T08:20:13","modified_gmt":"2022-10-19T08:20:13","slug":"impressum","status":"publish","type":"page","link":"https:\/\/swg-birkenpaschhof.de\/?page_id=1791","title":{"rendered":"Impressum"},"content":{"rendered":"<p>Seniorenwohngemeinschaft Birkenpaschhof GbR II<br \/>Gesch\u00e4ftsf\u00fchrer: B\u00e4rbel Spitzer<br \/>Steinbr\u00fcckenstr. 10<br \/>47441 Moers<br \/>Deutschland<br \/>Email: <a href=\"mailto:info@swg-birkenpaschhof.de\">info@swg-birkenpaschhof.de<\/a><br \/>Telefon: <br \/>Gesellschafter: <br \/>Registergericht &amp; Registernummer:  <\/p>\n<p>Verantwortlich f\u00fcr den Inhalt: Seniorenwohngemeinschaft Birkenpaschhof GbR II<\/p>\n<p>Plattform der Europ&auml;ischen Kommission zur Online-Streitbeilegung (OS) f&uuml;r Verbraucher: <a href=\"https:\/\/ec.europa.eu\/consumers\/odr\/\" target=\"_blank\">https:\/\/ec.europa.eu\/consumers\/odr\/<\/a>. Wir sind nicht bereit und nicht verpflichtet an einem Streitbeilegungsverfahren vor einer Verbraucherschlichtungsstelle teilzunehmen.<\/p>\n\n","protected":false},"excerpt":{"rendered":"","protected":false},"author":1,"featured_media":0,"parent":0,"menu_order":0,"comment_status":"closed","ping_status":"closed","template":"","meta":{"_citadela_hide_page_title":"","_citadela_remove_header_space":"","_citadela_custom_class":"","_citadela_half_map_provider":"","_citadela_half_map_theme":"","_citadela_half_map_themeOSM":"","_citadela_half_map_customTheme":"","_citadela_half_map_dataType":"","_citadela_half_map_dynamicTrack":false,"_citadela_half_map_trackColor":"","_citadela_half_map_trackEndpointsColor":"","_citadela_half_map_filterCategory":"","_citadela_half_map_filterLocation":"","_citadela_half_map_filterFeatured":false,"_citadela_half_map_noDataBehavior":"empty-map","_citadela_half_map_noDataText":"","_citadela_half_map_clusterGridSize":80,"_citadela_header":false,"_citadela_header_over_content":false,"_citadela_header_text_color":"","_citadela_header_logo":[],"_citadela_header_bg_image":[],"_citadela_header_bg_position":[],"_citadela_header_bg_size":"","_citadela_header_bg_repeat":"","_citadela_header_bg_fixed":false,"_citadela_header_bg_color":"","_citadela_header_bg_image_overlay":"","_citadela_header_transparent_bg":false,"_citadela_content_width":"","_citadela_half_layout_position":"","footnotes":""},"class_list":["post-1791","page","type-page","status-publish","hentry"],"yoast_head":"<!-- This site is optimized with the Yoast SEO Premium plugin v19.3 (Yoast SEO v19.7) - https:\/\/yoast.com\/wordpress\/plugins\/seo\/ -->\n<title>Impressum - Senioren Wohngemeinschaft Birkenpaschhof GbR II<\/title>\n<meta name=\"robots\" content=\"index, follow, max-snippet:-1, max-image-preview:large, max-video-preview:-1\" \/>\n<link rel=\"canonical\" href=\"https:\/\/swg-birkenpaschhof.de\/?page_id=1791\" \/>\n<meta property=\"og:locale\" content=\"de_DE\" \/>\n<meta property=\"og:type\" content=\"article\" \/>\n<meta property=\"og:title\" content=\"Impressum\" \/>\n<meta property=\"og:url\" content=\"https:\/\/swg-birkenpaschhof.de\/?page_id=1791\" \/>\n<meta property=\"og:site_name\" content=\"Senioren Wohngemeinschaft Birkenpaschhof GbR II\" \/>\n<meta name=\"twitter:card\" content=\"summary_large_image\" \/>\n<script type=\"application\/ld+json\" class=\"yoast-schema-graph\">{\"@context\":\"https:\/\/schema.org\",\"@graph\":[{\"@type\":\"WebPage\",\"@id\":\"https:\/\/swg-birkenpaschhof.de\/?page_id=1791\",\"url\":\"https:\/\/swg-birkenpaschhof.de\/?page_id=1791\",\"name\":\"Impressum - Senioren Wohngemeinschaft Birkenpaschhof GbR II\",\"isPartOf\":{\"@id\":\"https:\/\/swg-birkenpaschhof.de\/#website\"},\"datePublished\":\"2022-10-19T08:20:13+00:00\",\"dateModified\":\"2022-10-19T08:20:13+00:00\",\"breadcrumb\":{\"@id\":\"https:\/\/swg-birkenpaschhof.de\/?page_id=1791#breadcrumb\"},\"inLanguage\":\"de\",\"potentialAction\":[{\"@type\":\"ReadAction\",\"target\":[\"https:\/\/swg-birkenpaschhof.de\/?page_id=1791\"]}]},{\"@type\":\"BreadcrumbList\",\"@id\":\"https:\/\/swg-birkenpaschhof.de\/?page_id=1791#breadcrumb\",\"itemListElement\":[{\"@type\":\"ListItem\",\"position\":1,\"name\":\"Startseite\",\"item\":\"https:\/\/swg-birkenpaschhof.de\/\"},{\"@type\":\"ListItem\",\"position\":2,\"name\":\"Impressum\"}]},{\"@type\":\"WebSite\",\"@id\":\"https:\/\/swg-birkenpaschhof.de\/#website\",\"url\":\"https:\/\/swg-birkenpaschhof.de\/\",\"name\":\"Senioren Wohngemeinschaft Birkenpaschhof GbR II\",\"description\":\"Selbstverantwortete Wohngemeinschaft nach \u00a724 WTG\",\"potentialAction\":[{\"@type\":\"SearchAction\",\"target\":{\"@type\":\"EntryPoint\",\"urlTemplate\":\"https:\/\/swg-birkenpaschhof.de\/?s={search_term_string}\"},\"query-input\":\"required name=search_term_string\"}],\"inLanguage\":\"de\"}]}<\/script>\n<!-- \/ Yoast SEO Premium plugin. -->","yoast_head_json":{"title":"Impressum - Senioren Wohngemeinschaft Birkenpaschhof GbR II","robots":{"index":"index","follow":"follow","max-snippet":"max-snippet:-1","max-image-preview":"max-image-preview:large","max-video-preview":"max-video-preview:-1"},"canonical":"https:\/\/swg-birkenpaschhof.de\/?page_id=1791","og_locale":"de_DE","og_type":"article","og_title":"Impressum","og_url":"https:\/\/swg-birkenpaschhof.de\/?page_id=1791","og_site_name":"Senioren Wohngemeinschaft Birkenpaschhof GbR II","twitter_card":"summary_large_image","schema":{"@context":"https:\/\/schema.org","@graph":[{"@type":"WebPage","@id":"https:\/\/swg-birkenpaschhof.de\/?page_id=1791","url":"https:\/\/swg-birkenpaschhof.de\/?page_id=1791","name":"Impressum - Senioren Wohngemeinschaft Birkenpaschhof GbR II","isPartOf":{"@id":"https:\/\/swg-birkenpaschhof.de\/#website"},"datePublished":"2022-10-19T08:20:13+00:00","dateModified":"2022-10-19T08:20:13+00:00","breadcrumb":{"@id":"https:\/\/swg-birkenpaschhof.de\/?page_id=1791#breadcrumb"},"inLanguage":"de","potentialAction":[{"@type":"ReadAction","target":["https:\/\/swg-birkenpaschhof.de\/?page_id=1791"]}]},{"@type":"BreadcrumbList","@id":"https:\/\/swg-birkenpaschhof.de\/?page_id=1791#breadcrumb","itemListElement":[{"@type":"ListItem","position":1,"name":"Startseite","item":"https:\/\/swg-birkenpaschhof.de\/"},{"@type":"ListItem","position":2,"name":"Impressum"}]},{"@type":"WebSite","@id":"https:\/\/swg-birkenpaschhof.de\/#website","url":"https:\/\/swg-birkenpaschhof.de\/","name":"Senioren Wohngemeinschaft Birkenpaschhof GbR II","description":"Selbstverantwortete Wohngemeinschaft nach \u00a724 WTG","potentialAction":[{"@type":"SearchAction","target":{"@type":"EntryPoint","urlTemplate":"https:\/\/swg-birkenpaschhof.de\/?s={search_term_string}"},"query-input":"required name=search_term_string"}],"inLanguage":"de"}]}},"_links":{"self":[{"href":"https:\/\/swg-birkenpaschhof.de\/index.php?rest_route=\/wp\/v2\/pages\/1791","targetHints":{"allow":["GET"]}}],"collection":[{"href":"https:\/\/swg-birkenpaschhof.de\/index.php?rest_route=\/wp\/v2\/pages"}],"about":[{"href":"https:\/\/swg-birkenpaschhof.de\/index.php?rest_route=\/wp\/v2\/types\/page"}],"author":[{"embeddable":true,"href":"https:\/\/swg-birkenpaschhof.de\/index.php?rest_route=\/wp\/v2\/users\/1"}],"replies":[{"embeddable":true,"href":"https:\/\/swg-birkenpaschhof.de\/index.php?rest_route=%2Fwp%2Fv2%2Fcomments&post=1791"}],"version-history":[{"count":0,"href":"https:\/\/swg-birkenpaschhof.de\/index.php?rest_route=\/wp\/v2\/pages\/1791\/revisions"}],"wp:attachment":[{"href":"https:\/\/swg-birkenpaschhof.de\/index.php?rest_route=%2Fwp%2Fv2%2Fmedia&parent=1791"}],"curies":[{"name":"wp","href":"https:\/\/api.w.org\/{rel}","templated":true}]}}